{"id":61,"date":"2025-09-15T00:43:33","date_gmt":"2025-09-15T00:43:33","guid":{"rendered":"https:\/\/pelipetocasino.com\/?page_id=61"},"modified":"2026-04-30T09:43:42","modified_gmt":"2026-04-30T09:43:42","slug":"home","status":"publish","type":"page","link":"https:\/\/pelipetocasino.com\/fi\/","title":{"rendered":"Home"},"content":{"rendered":"\t\t<div data-elementor-type=\"wp-page\" data-elementor-id=\"61\" class=\"elementor elementor-61 elementor-24\" data-elementor-post-type=\"page\">\n\t\t\t\t<div class=\"elementor-element elementor-element-2189f6a e-flex e-con-boxed e-con e-parent\" data-id=\"2189f6a\" data-element_type=\"container\" data-e-type=\"container\" data-settings=\"{&quot;background_background&quot;:&quot;classic&quot;}\">\n\t\t\t\t\t<div class=\"e-con-inner\">\n\t\t<div class=\"elementor-element elementor-element-18f4b3c e-con-full e-flex e-con e-child\" data-id=\"18f4b3c\" data-element_type=\"container\" data-e-type=\"container\">\n\t\t<div class=\"elementor-element elementor-element-85469a6 e-con-full e-flex e-con e-child\" data-id=\"85469a6\" data-element_type=\"container\" data-e-type=\"container\">\n\t\t\t\t<div class=\"elementor-element elementor-element-8c1aca7 elementor-widget-tablet__width-initial elementor-widget elementor-widget-heading\" data-id=\"8c1aca7\" data-element_type=\"widget\" data-e-type=\"widget\" data-widget_type=\"heading.default\">\n\t\t\t\t\t<h1 class=\"elementor-heading-title elementor-size-default\">Pelipeto Casino<\/h1>\t\t\t\t<\/div>\n\t\t\t\t<div class=\"elementor-element elementor-element-36da09b elementor-widget__width-initial elementor-widget elementor-widget-text-editor\" data-id=\"36da09b\" data-element_type=\"widget\" data-e-type=\"widget\" data-widget_type=\"text-editor.default\">\n\t\t\t\t\t\t\t\t\t<p><strong>Hiljaista Itseluottamusta. <br \/>Ei Kikkailua, Vain Peli\u00e4.<\/strong><br \/><br \/>Voittajien ja katsojien maailmassa me olemme saalistajia. Pelipeto Casino ei ole passiivisille pelaajille \u2013 vaan niille, jotka pelaavat voittaakseen. Nopeasti, \u00e4lykk\u00e4\u00e4sti, ep\u00e4r\u00f6im\u00e4tt\u00e4. Juuret sitkeydess\u00e4 ja intohimossa, Pelipeto on paikka, jossa keskittyminen kohtaa raivokkuuden.<\/p><p><br \/><strong>Peto on irti.<\/strong><\/p>\t\t\t\t\t\t\t\t<\/div>\n\t\t<div class=\"elementor-element elementor-element-840fddf e-con-full e-flex e-con e-child\" data-id=\"840fddf\" data-element_type=\"container\" data-e-type=\"container\">\n\t\t<div class=\"elementor-element elementor-element-67b778b e-grid e-con-full e-con e-child\" data-id=\"67b778b\" data-element_type=\"container\" data-e-type=\"container\">\n\t\t\t\t<div class=\"elementor-element elementor-element-dbb7950 elementor-align-justify elementor-widget__width-inherit elementor-widget-mobile__width-auto elementor-widget elementor-widget-button\" data-id=\"dbb7950\" data-element_type=\"widget\" data-e-type=\"widget\" data-widget_type=\"button.default\">\n\t\t\t\t\t\t\t\t\t\t<a class=\"elementor-button elementor-button-link elementor-size-sm\" href=\"https:\/\/go.funnz.partners\/visit\/?bta=38162&#038;brand=pelipeto\">\n\t\t\t\t\t\t<span class=\"elementor-button-content-wrapper\">\n\t\t\t\t\t\t\t\t\t<span class=\"elementor-button-text\">Kirjaudu sis\u00e4\u00e4n<\/span>\n\t\t\t\t\t<\/span>\n\t\t\t\t\t<\/a>\n\t\t\t\t\t\t\t\t<\/div>\n\t\t\t\t<div class=\"elementor-element elementor-element-d64e636 elementor-align-justify elementor-widget__width-auto elementor-widget-mobile__width-auto elementor-widget elementor-widget-button\" data-id=\"d64e636\" data-element_type=\"widget\" data-e-type=\"widget\" data-widget_type=\"button.default\">\n\t\t\t\t\t\t\t\t\t\t<a class=\"elementor-button elementor-button-link elementor-size-sm\" href=\"https:\/\/go.funnz.partners\/visit\/?bta=38162&#038;brand=pelipeto\">\n\t\t\t\t\t\t<span class=\"elementor-button-content-wrapper\">\n\t\t\t\t\t\t\t\t\t<span class=\"elementor-button-text\">Luo tili<\/span>\n\t\t\t\t\t<\/span>\n\t\t\t\t\t<\/a>\n\t\t\t\t\t\t\t\t<\/div>\n\t\t\t\t<\/div>\n\t\t\t\t<\/div>\n\t\t\t\t<\/div>\n\t\t\t\t<\/div>\n\t\t\t\t\t<\/div>\n\t\t\t\t<\/div>\n\t\t<div class=\"elementor-element elementor-element-0c3c2e4 e-flex e-con-boxed e-con e-parent\" data-id=\"0c3c2e4\" data-element_type=\"container\" data-e-type=\"container\" data-settings=\"{&quot;background_background&quot;:&quot;classic&quot;}\">\n\t\t\t\t\t<div class=\"e-con-inner\">\n\t\t\t\t<div class=\"elementor-element elementor-element-bc68bae elementor-widget-tablet__width-initial elementor-widget elementor-widget-heading\" data-id=\"bc68bae\" data-element_type=\"widget\" data-e-type=\"widget\" data-widget_type=\"heading.default\">\n\t\t\t\t\t<h2 class=\"elementor-heading-title elementor-size-default\">Pelipeton Tervetuliaisbonus<\/h2>\t\t\t\t<\/div>\n\t\t\t\t<div class=\"elementor-element elementor-element-4651760 elementor-widget-tablet__width-initial elementor-widget elementor-widget-heading\" data-id=\"4651760\" data-element_type=\"widget\" data-e-type=\"widget\" data-widget_type=\"heading.default\">\n\t\t\t\t\t<p class=\"elementor-heading-title elementor-size-default\">50 Kierr\u00e4tysvapaata Ilmaiskierrosta\n<\/p>\t\t\t\t<\/div>\n\t\t\t\t<div class=\"elementor-element elementor-element-d749d8a elementor-widget__width-initial elementor-widget elementor-widget-text-editor\" data-id=\"d749d8a\" data-element_type=\"widget\" data-e-type=\"widget\" data-widget_type=\"text-editor.default\">\n\t\t\t\t\t\t\t\t\t<p>Pelipeto antaa kaikille uusille pelaajille vauhdikkaan alun houkuttelevalla, kierr\u00e4tysvapaalla tervetuliaisbonuksella. Tarjous sis\u00e4lt\u00e4\u00e4 50 ilmaiskierrosta Pragmatic Playn Big Bass Reel Repeat -peliin.<br \/><br \/><\/p><p>Kun liityt Pelipetoon t\u00e4n\u00e4\u00e4n, voit lunastaa 50 kierr\u00e4tysvapaata ilmaiskierrosta arvoltaan jopa \u20ac25 asti. Ei kierr\u00e4tysvaatimuksia \u2013 saat pit\u00e4\u00e4 voittosi heti.<\/p>\t\t\t\t\t\t\t\t<\/div>\n\t\t\t\t\t<\/div>\n\t\t\t\t<\/div>\n\t\t<div class=\"elementor-element elementor-element-05722b9 e-flex e-con-boxed e-con e-parent\" data-id=\"05722b9\" data-element_type=\"container\" data-e-type=\"container\" data-settings=\"{&quot;background_background&quot;:&quot;classic&quot;}\">\n\t\t\t\t\t<div class=\"e-con-inner\">\n\t\t\t\t<div class=\"elementor-element elementor-element-df22a8a elementor-widget-tablet__width-initial elementor-widget elementor-widget-heading\" data-id=\"df22a8a\" data-element_type=\"widget\" data-e-type=\"widget\" data-widget_type=\"heading.default\">\n\t\t\t\t\t<p class=\"elementor-heading-title elementor-size-default\">Kuinka lunastaa:\n\n<\/p>\t\t\t\t<\/div>\n\t\t<div class=\"elementor-element elementor-element-c9a5c81 e-con-full e-flex e-con e-child\" data-id=\"c9a5c81\" data-element_type=\"container\" data-e-type=\"container\" data-settings=\"{&quot;background_background&quot;:&quot;gradient&quot;}\">\n\t\t\t\t<div class=\"elementor-element elementor-element-1a54237 elementor-widget__width-inherit elementor-widget elementor-widget-heading\" data-id=\"1a54237\" data-element_type=\"widget\" data-e-type=\"widget\" data-widget_type=\"heading.default\">\n\t\t\t\t\t<p class=\"elementor-heading-title elementor-size-default\">1. Luo Pelipeto-tili\n<\/p>\t\t\t\t<\/div>\n\t\t\t\t<div class=\"elementor-element elementor-element-4bbb86d elementor-widget__width-inherit elementor-widget elementor-widget-heading\" data-id=\"4bbb86d\" data-element_type=\"widget\" data-e-type=\"widget\" data-widget_type=\"heading.default\">\n\t\t\t\t\t<p class=\"elementor-heading-title elementor-size-default\">2. Valitse yksi kolmesta ilmaiskierrospaketista Big Bass Reel Repeat -peliin\n\n<\/p>\t\t\t\t<\/div>\n\t\t\t\t<div class=\"elementor-element elementor-element-2d05056 elementor-widget__width-inherit elementor-widget elementor-widget-heading\" data-id=\"2d05056\" data-element_type=\"widget\" data-e-type=\"widget\" data-widget_type=\"heading.default\">\n\t\t\t\t\t<p class=\"elementor-heading-title elementor-size-default\">3. Tee ensimm\u00e4inen talletus valitsemasi paketin mukaisesti\n\n\n<\/p>\t\t\t\t<\/div>\n\t\t\t\t<div class=\"elementor-element elementor-element-2a9c419 elementor-widget__width-inherit elementor-widget elementor-widget-heading\" data-id=\"2a9c419\" data-element_type=\"widget\" data-e-type=\"widget\" data-widget_type=\"heading.default\">\n\t\t\t\t\t<p class=\"elementor-heading-title elementor-size-default\">4. Pelaa 50 kierr\u00e4tysvapaata kierrostasi (0x kierr\u00e4tys voitoilla)\n\n\n\n<\/p>\t\t\t\t<\/div>\n\t\t\t\t<\/div>\n\t\t\t\t\t<\/div>\n\t\t\t\t<\/div>\n\t\t<div class=\"elementor-element elementor-element-89e81c3 e-flex e-con-boxed e-con e-parent\" data-id=\"89e81c3\" data-element_type=\"container\" data-e-type=\"container\" data-settings=\"{&quot;background_background&quot;:&quot;classic&quot;}\">\n\t\t\t\t\t<div class=\"e-con-inner\">\n\t\t\t\t<div class=\"elementor-element elementor-element-dabff42 elementor-widget-tablet__width-initial elementor-widget elementor-widget-heading\" data-id=\"dabff42\" data-element_type=\"widget\" data-e-type=\"widget\" data-widget_type=\"heading.default\">\n\t\t\t\t\t<p class=\"elementor-heading-title elementor-size-default\">Valitse pakettisi:\n\n<\/p>\t\t\t\t<\/div>\n\t\t<div class=\"elementor-element elementor-element-6d866d0 e-con-full e-flex e-con e-child\" data-id=\"6d866d0\" data-element_type=\"container\" data-e-type=\"container\" data-settings=\"{&quot;background_background&quot;:&quot;gradient&quot;}\">\n\t\t\t\t<div class=\"elementor-element elementor-element-a58c7b9 elementor-widget__width-inherit elementor-widget elementor-widget-heading\" data-id=\"a58c7b9\" data-element_type=\"widget\" data-e-type=\"widget\" data-widget_type=\"heading.default\">\n\t\t\t\t\t<p class=\"elementor-heading-title elementor-size-default\">Tarjous 1: Talleta \u20ac20\u2013\u20ac49 ja saat 50 kierrosta \u20ac0.10 panoksella\n<\/p>\t\t\t\t<\/div>\n\t\t\t\t<div class=\"elementor-element elementor-element-b0e67ad elementor-widget__width-inherit elementor-widget elementor-widget-heading\" data-id=\"b0e67ad\" data-element_type=\"widget\" data-e-type=\"widget\" data-widget_type=\"heading.default\">\n\t\t\t\t\t<p class=\"elementor-heading-title elementor-size-default\">Tarjous 2: Talleta \u20ac50\u2013\u20ac99 ja saat 50 kierrosta \u20ac0.20 panoksella\n\n<\/p>\t\t\t\t<\/div>\n\t\t\t\t<div class=\"elementor-element elementor-element-5ba7e7d elementor-widget__width-inherit elementor-widget elementor-widget-heading\" data-id=\"5ba7e7d\" data-element_type=\"widget\" data-e-type=\"widget\" data-widget_type=\"heading.default\">\n\t\t\t\t\t<p class=\"elementor-heading-title elementor-size-default\">Tarjous 3: Talleta \u20ac100+ ja saat 50 kierrosta \u20ac0.50 panoksella\n\n\n<\/p>\t\t\t\t<\/div>\n\t\t\t\t<div class=\"elementor-element elementor-element-2a58fb0 elementor-widget__width-initial elementor-widget elementor-widget-text-editor\" data-id=\"2a58fb0\" data-element_type=\"widget\" data-e-type=\"widget\" data-widget_type=\"text-editor.default\">\n\t\t\t\t\t\t\t\t\t<p>Mahdollisuus valita oma paketti tekee bonuksesta erityisen \u2013 pelaaja p\u00e4\u00e4tt\u00e4\u00e4 itse, aivan kuten Pelipeto-br\u00e4ndin peto, joka toimii p\u00e4\u00e4tt\u00e4v\u00e4isesti. Riippuen valinnastasi, voit saada ilmaiskierroksia arvoltaan \u20ac5, \u20ac10 tai \u20ac25.<\/p>\t\t\t\t\t\t\t\t<\/div>\n\t\t\t\t<\/div>\n\t\t\t\t\t<\/div>\n\t\t\t\t<\/div>\n\t\t<div class=\"elementor-element elementor-element-648d321 e-flex e-con-boxed e-con e-parent\" data-id=\"648d321\" data-element_type=\"container\" data-e-type=\"container\" data-settings=\"{&quot;background_background&quot;:&quot;classic&quot;}\">\n\t\t\t\t\t<div class=\"e-con-inner\">\n\t\t\t\t<div class=\"elementor-element elementor-element-6277879 elementor-widget-tablet__width-initial elementor-widget elementor-widget-heading\" data-id=\"6277879\" data-element_type=\"widget\" data-e-type=\"widget\" data-widget_type=\"heading.default\">\n\t\t\t\t\t<h2 class=\"elementor-heading-title elementor-size-default\">Pelipeton Pelivalikoima\n\n<\/h2>\t\t\t\t<\/div>\n\t\t\t\t<div class=\"elementor-element elementor-element-e9da46c elementor-widget__width-initial elementor-widget elementor-widget-text-editor\" data-id=\"e9da46c\" data-element_type=\"widget\" data-e-type=\"widget\" data-widget_type=\"text-editor.default\">\n\t\t\t\t\t\t\t\t\t<p>Pelipetolta l\u00f6ytyy valtava m\u00e4\u00e4r\u00e4 kasinopelej\u00e4 \u2013 p\u00e4\u00e4paino on kolikkopeleiss\u00e4, mutta tarjolla on my\u00f6s laadukas livekasino. Etusivulla pelit on jaettu selkeisiin kategorioihin, kuten br\u00e4ndiin sopiva \u201cPeto-pelit\u201d, \u201cNe, jotka muistamme\u201d ja \u201cParhaat uudet tulokkaat\u201d.<br \/><br \/><\/p><p>Pelit voi etsi\u00e4 my\u00f6s pelintarjoajien omilta sivuilta. Joitakin Pelipetolla tarjolla olevia huippunimi\u00e4 ovat:<br \/><br \/><\/p><ul><li>Pragmatic Play<\/li><li>Play\u2019n GO<\/li><li>Games Global<\/li><li>Evolution Gaming<\/li><li>Nolimit City<\/li><li>Hacksaw Gaming<\/li><li>NetEnt<\/li><li>Big Time Gaming<\/li><\/ul>\t\t\t\t\t\t\t\t<\/div>\n\t\t\t\t\t<\/div>\n\t\t\t\t<\/div>\n\t\t<div class=\"elementor-element elementor-element-fb563d8 e-flex e-con-boxed e-con e-parent\" data-id=\"fb563d8\" data-element_type=\"container\" data-e-type=\"container\" data-settings=\"{&quot;background_background&quot;:&quot;classic&quot;}\">\n\t\t\t\t\t<div class=\"e-con-inner\">\n\t\t\t\t<div class=\"elementor-element elementor-element-4113818 elementor-widget-tablet__width-initial elementor-widget elementor-widget-heading\" data-id=\"4113818\" data-element_type=\"widget\" data-e-type=\"widget\" data-widget_type=\"heading.default\">\n\t\t\t\t\t<h2 class=\"elementor-heading-title elementor-size-default\">Livekasino\n\n<\/h2>\t\t\t\t<\/div>\n\t\t\t\t<div class=\"elementor-element elementor-element-fb32e5d elementor-widget__width-initial elementor-widget elementor-widget-text-editor\" data-id=\"fb32e5d\" data-element_type=\"widget\" data-e-type=\"widget\" data-widget_type=\"text-editor.default\">\n\t\t\t\t\t\t\t\t\t<p>Pelipeto tarjoaa huippuluokan livekasinokokemuksen parhaiden tuottajien, kuten Evolution Gamingin, Pragmatic Playn, live88:n ja OnAir Entertainmentin kautta. L\u00f6yd\u00e4t suosittuja pelej\u00e4, kuten Sweet Bonanza Candyland, Lightning Roulette ja Crazy Time.<\/p><p><br \/>Pelit on jaettu viiteen kategoriaan:<br \/><br \/><\/p><ul><li>Kaikki<\/li><li>Ruletti<\/li><li>Game Shows<\/li><li>Blackjack<\/li><li>Baccarat<\/li><\/ul><p><br \/>Valikoimasta l\u00f6ytyy my\u00f6s uutuuksia, kuten Evolutionin Ice Fishing, sek\u00e4 korkean panoksen ruletti-, blackjack- ja baccarat-p\u00f6yti\u00e4.<\/p>\t\t\t\t\t\t\t\t<\/div>\n\t\t\t\t\t<\/div>\n\t\t\t\t<\/div>\n\t\t<div class=\"elementor-element elementor-element-f45c8e3 e-flex e-con-boxed e-con e-parent\" data-id=\"f45c8e3\" data-element_type=\"container\" data-e-type=\"container\" data-settings=\"{&quot;background_background&quot;:&quot;classic&quot;}\">\n\t\t\t\t\t<div class=\"e-con-inner\">\n\t\t\t\t<div class=\"elementor-element elementor-element-dfdef29 elementor-widget-tablet__width-initial elementor-widget elementor-widget-heading\" data-id=\"dfdef29\" data-element_type=\"widget\" data-e-type=\"widget\" data-widget_type=\"heading.default\">\n\t\t\t\t\t<h2 class=\"elementor-heading-title elementor-size-default\">Pelipeton Yleiskatsaus\n\n<\/h2>\t\t\t\t<\/div>\n\t\t\t\t<div class=\"elementor-element elementor-element-a5fde52 elementor-widget__width-initial elementor-widget elementor-widget-text-editor\" data-id=\"a5fde52\" data-element_type=\"widget\" data-e-type=\"widget\" data-widget_type=\"text-editor.default\">\n\t\t\t\t\t\t\t\t\t<p>Pelipeto on uusin Pay &amp; Play -kasino, joka tarjoaa nopeat talletukset ja nostot. Tutustutaan tarkemmin tarjontaan \u2013 peleihin, bonuksiin ja asiakastukeen.<br \/><br \/><strong>Lisenssit ja S\u00e4\u00e4ntely<\/strong><br \/>Pelipeto on turvallinen, lisensoitu nettikasino, jota s\u00e4\u00e4telee Viron vero- ja tullihallitus. Sen emoyhti\u00f6 FarUp Services Ltd. hallitsee lisenssinumeroita HKT000090 ja HKL000463. T\u00e4m\u00e4 tarkoittaa, ett\u00e4 voit pelata uusimpia kasinopelej\u00e4 luottaen siihen, ett\u00e4 rahasi ovat turvassa.<\/p><p><strong><br \/>Vastuullinen Pelaaminen<\/strong><br \/>Pelipetolla pelaamisen tulee olla hauskaa \u2013 ja turvallisuus on kaiken ydin. Olemme sitoutuneet tarjoamaan ymp\u00e4rist\u00f6n, johon voit luottaa niin rahojesi kuin hyvinvointisi suhteen.<br \/><br \/><\/p><p>Suurin osa pelaajista pelaa viihteen vuoksi. On kuitenkin t\u00e4rke\u00e4\u00e4 muistaa, ett\u00e4 peliriippuvuus on todellinen sairaus. Siksi Pelipeto tarjoaa vastuullisen peliymp\u00e4rist\u00f6n ty\u00f6kaluineen ja tukineen, jotka auttavat pit\u00e4m\u00e4\u00e4n pelaamisen hallinnassa. Play Safe -ominaisuuksiemme ansiosta pelikokemus pysyy aina turvallisena, vastuullisena ja hauskana.<\/p>\t\t\t\t\t\t\t\t<\/div>\n\t\t\t\t\t<\/div>\n\t\t\t\t<\/div>\n\t\t\t\t<\/div>\n\t\t","protected":false},"excerpt":{"rendered":"<p>Pelipeto Casino Hiljaista Itseluottamusta. Ei Kikkailua, Vain Peli\u00e4. Voittajien ja katsojien maailmassa me olemme saalistajia. Pelipeto Casino ei ole passiivisille pelaajille \u2013 vaan niille, jotka pelaavat voittaakseen. Nopeasti, \u00e4lykk\u00e4\u00e4sti, ep\u00e4r\u00f6im\u00e4tt\u00e4. Juuret sitkeydess\u00e4 ja intohimossa, Pelipeto on paikka, jossa keskittyminen kohtaa raivokkuuden. Peto on irti. Kirjaudu sis\u00e4\u00e4n Luo tili Pelipeton Tervetuliaisbonus 50 Kierr\u00e4tysvapaata Ilmaiskierrosta Pelipeto antaa [&hellip;]<\/p>\n","protected":false},"author":3,"featured_media":0,"parent":0,"menu_order":0,"comment_status":"closed","ping_status":"closed","template":"elementor_header_footer","meta":{"footnotes":""},"class_list":["post-61","page","type-page","status-publish","hentry"],"yoast_head":"<!-- This site is optimized with the Yoast SEO plugin v27.4 - https:\/\/yoast.com\/product\/yoast-seo-wordpress\/ -->\n<title>Pelipeto Casino: Hiljaista Itseluottamusta. Ei Kikkailua, Vain Peli\u00e4.<\/title>\n<meta name=\"description\" content=\"Voittajien ja katsojien maailmassa me olemme saalistajia. Pelipeto Casino ei ole passiivisille pelaajille \u2013 vaan niille, jotka pelaavat voittaakseen.\" \/>\n<meta name=\"robots\" content=\"index, follow, max-snippet:-1, max-image-preview:large, max-video-preview:-1\" \/>\n<link rel=\"canonical\" href=\"https:\/\/pelipetocasino.com\/fi\/\" \/>\n<meta property=\"og:locale\" content=\"fi_FI\" \/>\n<meta property=\"og:type\" content=\"article\" \/>\n<meta property=\"og:title\" content=\"Pelipeto Casino: Hiljaista Itseluottamusta. Ei Kikkailua, Vain Peli\u00e4.\" \/>\n<meta property=\"og:description\" content=\"Voittajien ja katsojien maailmassa me olemme saalistajia. Pelipeto Casino ei ole passiivisille pelaajille \u2013 vaan niille, jotka pelaavat voittaakseen.\" \/>\n<meta property=\"og:url\" content=\"https:\/\/pelipetocasino.com\/fi\/\" \/>\n<meta property=\"og:site_name\" content=\"pelipetocasino.com\" \/>\n<meta property=\"article:modified_time\" content=\"2026-04-30T09:43:42+00:00\" \/>\n<meta name=\"twitter:card\" content=\"summary_large_image\" \/>\n<meta name=\"twitter:label1\" content=\"Arvioitu lukuaika\" \/>\n\t<meta name=\"twitter:data1\" content=\"3 minuuttia\" \/>\n<script type=\"application\/ld+json\" class=\"yoast-schema-graph\">{\"@context\":\"https:\\\/\\\/schema.org\",\"@graph\":[{\"@type\":\"WebPage\",\"@id\":\"https:\\\/\\\/pelipetocasino.com\\\/fi\\\/\",\"url\":\"https:\\\/\\\/pelipetocasino.com\\\/fi\\\/\",\"name\":\"Pelipeto Casino: Hiljaista Itseluottamusta. Ei Kikkailua, Vain Peli\u00e4.\",\"isPartOf\":{\"@id\":\"https:\\\/\\\/pelipetocasino.com\\\/fi\\\/#website\"},\"datePublished\":\"2025-09-15T00:43:33+00:00\",\"dateModified\":\"2026-04-30T09:43:42+00:00\",\"description\":\"Voittajien ja katsojien maailmassa me olemme saalistajia. Pelipeto Casino ei ole passiivisille pelaajille \u2013 vaan niille, jotka pelaavat voittaakseen.\",\"breadcrumb\":{\"@id\":\"https:\\\/\\\/pelipetocasino.com\\\/fi\\\/#breadcrumb\"},\"inLanguage\":\"fi\",\"potentialAction\":[{\"@type\":\"ReadAction\",\"target\":[\"https:\\\/\\\/pelipetocasino.com\\\/fi\\\/\"]}]},{\"@type\":\"BreadcrumbList\",\"@id\":\"https:\\\/\\\/pelipetocasino.com\\\/fi\\\/#breadcrumb\",\"itemListElement\":[{\"@type\":\"ListItem\",\"position\":1,\"name\":\"Home\",\"item\":\"https:\\\/\\\/pelipetocasino.com\\\/fi\\\/\"},{\"@type\":\"ListItem\",\"position\":2,\"name\":\"Home\"}]},{\"@type\":\"WebSite\",\"@id\":\"https:\\\/\\\/pelipetocasino.com\\\/fi\\\/#website\",\"url\":\"https:\\\/\\\/pelipetocasino.com\\\/fi\\\/\",\"name\":\"pelipetocasino.com\",\"description\":\"\",\"publisher\":{\"@id\":\"https:\\\/\\\/pelipetocasino.com\\\/fi\\\/#organization\"},\"potentialAction\":[{\"@type\":\"SearchAction\",\"target\":{\"@type\":\"EntryPoint\",\"urlTemplate\":\"https:\\\/\\\/pelipetocasino.com\\\/fi\\\/?s={search_term_string}\"},\"query-input\":{\"@type\":\"PropertyValueSpecification\",\"valueRequired\":true,\"valueName\":\"search_term_string\"}}],\"inLanguage\":\"fi\"},{\"@type\":\"Organization\",\"@id\":\"https:\\\/\\\/pelipetocasino.com\\\/fi\\\/#organization\",\"name\":\"pelipetocasino.com\",\"url\":\"https:\\\/\\\/pelipetocasino.com\\\/fi\\\/\",\"logo\":{\"@type\":\"ImageObject\",\"inLanguage\":\"fi\",\"@id\":\"https:\\\/\\\/pelipetocasino.com\\\/fi\\\/#\\\/schema\\\/logo\\\/image\\\/\",\"url\":\"https:\\\/\\\/pelipetocasino.com\\\/wp-content\\\/uploads\\\/2025\\\/09\\\/PelipetoCasino@2x-scaled.png\",\"contentUrl\":\"https:\\\/\\\/pelipetocasino.com\\\/wp-content\\\/uploads\\\/2025\\\/09\\\/PelipetoCasino@2x-scaled.png\",\"width\":2560,\"height\":722,\"caption\":\"pelipetocasino.com\"},\"image\":{\"@id\":\"https:\\\/\\\/pelipetocasino.com\\\/fi\\\/#\\\/schema\\\/logo\\\/image\\\/\"}}]}<\/script>\n<!-- \/ Yoast SEO plugin. -->","yoast_head_json":{"title":"Pelipeto Casino: Hiljaista Itseluottamusta. Ei Kikkailua, Vain Peli\u00e4.","description":"Voittajien ja katsojien maailmassa me olemme saalistajia. Pelipeto Casino ei ole passiivisille pelaajille \u2013 vaan niille, jotka pelaavat voittaakseen.","robots":{"index":"index","follow":"follow","max-snippet":"max-snippet:-1","max-image-preview":"max-image-preview:large","max-video-preview":"max-video-preview:-1"},"canonical":"https:\/\/pelipetocasino.com\/fi\/","og_locale":"fi_FI","og_type":"article","og_title":"Pelipeto Casino: Hiljaista Itseluottamusta. Ei Kikkailua, Vain Peli\u00e4.","og_description":"Voittajien ja katsojien maailmassa me olemme saalistajia. Pelipeto Casino ei ole passiivisille pelaajille \u2013 vaan niille, jotka pelaavat voittaakseen.","og_url":"https:\/\/pelipetocasino.com\/fi\/","og_site_name":"pelipetocasino.com","article_modified_time":"2026-04-30T09:43:42+00:00","twitter_card":"summary_large_image","twitter_misc":{"Arvioitu lukuaika":"3 minuuttia"},"schema":{"@context":"https:\/\/schema.org","@graph":[{"@type":"WebPage","@id":"https:\/\/pelipetocasino.com\/fi\/","url":"https:\/\/pelipetocasino.com\/fi\/","name":"Pelipeto Casino: Hiljaista Itseluottamusta. Ei Kikkailua, Vain Peli\u00e4.","isPartOf":{"@id":"https:\/\/pelipetocasino.com\/fi\/#website"},"datePublished":"2025-09-15T00:43:33+00:00","dateModified":"2026-04-30T09:43:42+00:00","description":"Voittajien ja katsojien maailmassa me olemme saalistajia. Pelipeto Casino ei ole passiivisille pelaajille \u2013 vaan niille, jotka pelaavat voittaakseen.","breadcrumb":{"@id":"https:\/\/pelipetocasino.com\/fi\/#breadcrumb"},"inLanguage":"fi","potentialAction":[{"@type":"ReadAction","target":["https:\/\/pelipetocasino.com\/fi\/"]}]},{"@type":"BreadcrumbList","@id":"https:\/\/pelipetocasino.com\/fi\/#breadcrumb","itemListElement":[{"@type":"ListItem","position":1,"name":"Home","item":"https:\/\/pelipetocasino.com\/fi\/"},{"@type":"ListItem","position":2,"name":"Home"}]},{"@type":"WebSite","@id":"https:\/\/pelipetocasino.com\/fi\/#website","url":"https:\/\/pelipetocasino.com\/fi\/","name":"pelipetocasino.com","description":"","publisher":{"@id":"https:\/\/pelipetocasino.com\/fi\/#organization"},"potentialAction":[{"@type":"SearchAction","target":{"@type":"EntryPoint","urlTemplate":"https:\/\/pelipetocasino.com\/fi\/?s={search_term_string}"},"query-input":{"@type":"PropertyValueSpecification","valueRequired":true,"valueName":"search_term_string"}}],"inLanguage":"fi"},{"@type":"Organization","@id":"https:\/\/pelipetocasino.com\/fi\/#organization","name":"pelipetocasino.com","url":"https:\/\/pelipetocasino.com\/fi\/","logo":{"@type":"ImageObject","inLanguage":"fi","@id":"https:\/\/pelipetocasino.com\/fi\/#\/schema\/logo\/image\/","url":"https:\/\/pelipetocasino.com\/wp-content\/uploads\/2025\/09\/PelipetoCasino@2x-scaled.png","contentUrl":"https:\/\/pelipetocasino.com\/wp-content\/uploads\/2025\/09\/PelipetoCasino@2x-scaled.png","width":2560,"height":722,"caption":"pelipetocasino.com"},"image":{"@id":"https:\/\/pelipetocasino.com\/fi\/#\/schema\/logo\/image\/"}}]}},"_links":{"self":[{"href":"https:\/\/pelipetocasino.com\/fi\/wp-json\/wp\/v2\/pages\/61","targetHints":{"allow":["GET"]}}],"collection":[{"href":"https:\/\/pelipetocasino.com\/fi\/wp-json\/wp\/v2\/pages"}],"about":[{"href":"https:\/\/pelipetocasino.com\/fi\/wp-json\/wp\/v2\/types\/page"}],"author":[{"embeddable":true,"href":"https:\/\/pelipetocasino.com\/fi\/wp-json\/wp\/v2\/users\/3"}],"replies":[{"embeddable":true,"href":"https:\/\/pelipetocasino.com\/fi\/wp-json\/wp\/v2\/comments?post=61"}],"version-history":[{"count":22,"href":"https:\/\/pelipetocasino.com\/fi\/wp-json\/wp\/v2\/pages\/61\/revisions"}],"predecessor-version":[{"id":302,"href":"https:\/\/pelipetocasino.com\/fi\/wp-json\/wp\/v2\/pages\/61\/revisions\/302"}],"wp:attachment":[{"href":"https:\/\/pelipetocasino.com\/fi\/wp-json\/wp\/v2\/media?parent=61"}],"curies":[{"name":"wp","href":"https:\/\/api.w.org\/{rel}","templated":true}]}}