{"id":104,"date":"2025-09-22T01:14:12","date_gmt":"2025-09-22T01:14:12","guid":{"rendered":"https:\/\/pelipetocasino.com\/?page_id=104"},"modified":"2025-09-22T01:39:09","modified_gmt":"2025-09-22T01:39:09","slug":"vastuullinen-pelaaminen-pelipetolla","status":"publish","type":"page","link":"https:\/\/pelipetocasino.com\/fi\/vastuullinen-pelaaminen-pelipetolla\/","title":{"rendered":"Vastuullinen Pelaaminen Pelipetolla"},"content":{"rendered":"\t\t<div data-elementor-type=\"wp-page\" data-elementor-id=\"104\" class=\"elementor elementor-104 elementor-92\" data-elementor-post-type=\"page\">\n\t\t\t\t<div class=\"elementor-element elementor-element-f3bb1eb e-flex e-con-boxed e-con e-parent\" data-id=\"f3bb1eb\" data-element_type=\"container\" data-settings=\"{&quot;background_background&quot;:&quot;classic&quot;}\">\n\t\t\t\t\t<div class=\"e-con-inner\">\n\t\t\t\t<div class=\"elementor-element elementor-element-1df8725 elementor-widget-tablet__width-initial elementor-widget elementor-widget-heading\" data-id=\"1df8725\" data-element_type=\"widget\" data-widget_type=\"heading.default\">\n\t\t\t\t\t<h1 class=\"elementor-heading-title elementor-size-default\">Vastuullinen Pelaaminen Pelipetolla\n<\/h1>\t\t\t\t<\/div>\n\t\t\t\t<div class=\"elementor-element elementor-element-327177a elementor-widget__width-initial elementor-widget elementor-widget-text-editor\" data-id=\"327177a\" data-element_type=\"widget\" data-widget_type=\"text-editor.default\">\n\t\t\t\t\t\t\t\t\t<p>Pelipetolla pelaamisen tulee olla hauskaa \u2013 mutta aina turvallista. Haluamme, ett\u00e4 jokainen pelaaja nauttii pelikokemuksestaan, mink\u00e4 vuoksi tarjoamme ty\u00f6kaluja ja tukea pelaamisen hallintaan.<\/p>\t\t\t\t\t\t\t\t<\/div>\n\t\t\t\t<div class=\"elementor-element elementor-element-fc30bbf elementor-widget-tablet__width-initial elementor-widget__width-inherit elementor-widget elementor-widget-heading\" data-id=\"fc30bbf\" data-element_type=\"widget\" data-widget_type=\"heading.default\">\n\t\t\t\t\t<p class=\"elementor-heading-title elementor-size-default\">Play Safe -ty\u00f6kalut\n<\/p>\t\t\t\t<\/div>\n\t\t\t\t<div class=\"elementor-element elementor-element-4e0d745 elementor-widget-tablet__width-initial elementor-widget__width-inherit elementor-widget elementor-widget-heading\" data-id=\"4e0d745\" data-element_type=\"widget\" data-widget_type=\"heading.default\">\n\t\t\t\t\t<p class=\"elementor-heading-title elementor-size-default\">Talletusrajat<\/p>\t\t\t\t<\/div>\n\t\t\t\t<div class=\"elementor-element elementor-element-daced0d elementor-widget__width-initial elementor-widget elementor-widget-text-editor\" data-id=\"daced0d\" data-element_type=\"widget\" data-widget_type=\"text-editor.default\">\n\t\t\t\t\t\t\t\t\t<p>Aseta p\u00e4ivitt\u00e4iset, viikoittaiset tai kuukausittaiset nettotalletusrajat budjettisi mukaan. Voit tallettaa vain valitsemaasi rajaan asti, jolloin pelaamisen hallinta on helpompaa.<\/p>\t\t\t\t\t\t\t\t<\/div>\n\t\t\t\t<div class=\"elementor-element elementor-element-5d91848 elementor-widget-tablet__width-initial elementor-widget__width-inherit elementor-widget elementor-widget-heading\" data-id=\"5d91848\" data-element_type=\"widget\" data-widget_type=\"heading.default\">\n\t\t\t\t\t<p class=\"elementor-heading-title elementor-size-default\">Tauko Pelaamisesta<\/p>\t\t\t\t<\/div>\n\t\t\t\t<div class=\"elementor-element elementor-element-3ed1ab9 elementor-widget__width-initial elementor-widget elementor-widget-text-editor\" data-id=\"3ed1ab9\" data-element_type=\"widget\" data-widget_type=\"text-editor.default\">\n\t\t\t\t\t\t\t\t\t<p>Tarvitsetko tauon? Voit asettaa Pikatauon (24 tuntia tai 7 p\u00e4iv\u00e4\u00e4) tai valita Itse-eston 2, 3 tai 6 kuukaudeksi \u2013 tai toistaiseksi. T\u00e4n\u00e4 aikana tilisi pysyy suljettuna, kunnes valittu aika p\u00e4\u00e4ttyy.<\/p>\t\t\t\t\t\t\t\t<\/div>\n\t\t\t\t<div class=\"elementor-element elementor-element-b6c6869 elementor-widget-tablet__width-initial elementor-widget__width-inherit elementor-widget elementor-widget-heading\" data-id=\"b6c6869\" data-element_type=\"widget\" data-widget_type=\"heading.default\">\n\t\t\t\t\t<p class=\"elementor-heading-title elementor-size-default\">Itsearviointi\n<\/p>\t\t\t\t<\/div>\n\t\t\t\t<div class=\"elementor-element elementor-element-e50b8ec elementor-widget__width-initial elementor-widget elementor-widget-text-editor\" data-id=\"e50b8ec\" data-element_type=\"widget\" data-widget_type=\"text-editor.default\">\n\t\t\t\t\t\t\t\t\t<p>Et ole varma, vaikuttaako pelaaminen sinuun liikaa? Itsearviointikyselymme auttaa sinua tunnistamaan mahdollisia riskimerkkej\u00e4 ja pysym\u00e4\u00e4n hallinnassa.<\/p>\t\t\t\t\t\t\t\t<\/div>\n\t\t\t\t<div class=\"elementor-element elementor-element-9976ea8 elementor-widget-tablet__width-initial elementor-widget__width-inherit elementor-widget elementor-widget-heading\" data-id=\"9976ea8\" data-element_type=\"widget\" data-widget_type=\"heading.default\">\n\t\t\t\t\t<p class=\"elementor-heading-title elementor-size-default\">Vinkkej\u00e4 Fiksuun Pelaamiseen\n\n<\/p>\t\t\t\t<\/div>\n\t\t\t\t<div class=\"elementor-element elementor-element-dbccc8a elementor-widget__width-initial elementor-widget elementor-widget-text-editor\" data-id=\"dbccc8a\" data-element_type=\"widget\" data-widget_type=\"text-editor.default\">\n\t\t\t\t\t\t\t\t\t<ul><li>Pelaa vain rahoilla, jotka sinulla on varaa h\u00e4vit\u00e4.<\/li><li>\u00c4l\u00e4 yrit\u00e4 voittaa tappioita takaisin.<\/li><li>V\u00e4lt\u00e4 pelaamista stressaantuneena tai p\u00e4ihteiden vaikutuksen alaisena.<\/li><li>Pid\u00e4 s\u00e4\u00e4nn\u00f6llisi\u00e4 taukoja.<\/li><li>Pid\u00e4 vain yksi pelitili hallinnan helpottamiseksi.<\/li><\/ul>\t\t\t\t\t\t\t\t<\/div>\n\t\t\t\t<div class=\"elementor-element elementor-element-ada36b9 elementor-widget-tablet__width-initial elementor-widget__width-inherit elementor-widget elementor-widget-heading\" data-id=\"ada36b9\" data-element_type=\"widget\" data-widget_type=\"heading.default\">\n\t\t\t\t\t<p class=\"elementor-heading-title elementor-size-default\">Tuki ja Apu\n\n\n<\/p>\t\t\t\t<\/div>\n\t\t\t\t<div class=\"elementor-element elementor-element-f379069 elementor-widget__width-initial elementor-widget elementor-widget-text-editor\" data-id=\"f379069\" data-element_type=\"widget\" data-widget_type=\"text-editor.default\">\n\t\t\t\t\t\t\t\t\t<p>Jos pelaaminen ei en\u00e4\u00e4 tunnu viihdytt\u00e4v\u00e4lt\u00e4, apua on saatavilla maksutta ja luottamuksellisesti:<br \/><br \/><\/p><ul><li>BeGambleAware<\/li><li>GamblingTherapy (tuki + ilmainen sovellus)<\/li><li>Gamblers Anonymous<\/li><\/ul><p><br \/>Voit my\u00f6s asentaa suodattimia, kuten Betblocker, NetNanny tai Famisafe, jotka est\u00e4v\u00e4t p\u00e4\u00e4syn uhkapelisivustoille tai suojaavat alaik\u00e4isi\u00e4.<\/p>\t\t\t\t\t\t\t\t<\/div>\n\t\t\t\t<div class=\"elementor-element elementor-element-7c49e6e elementor-widget-tablet__width-initial elementor-widget__width-inherit elementor-widget elementor-widget-heading\" data-id=\"7c49e6e\" data-element_type=\"widget\" data-widget_type=\"heading.default\">\n\t\t\t\t\t<p class=\"elementor-heading-title elementor-size-default\">Alaik\u00e4isten Suojaaminen\n\n\n\n<\/p>\t\t\t\t<\/div>\n\t\t\t\t<div class=\"elementor-element elementor-element-5844fbe elementor-widget__width-initial elementor-widget elementor-widget-text-editor\" data-id=\"5844fbe\" data-element_type=\"widget\" data-widget_type=\"text-editor.default\">\n\t\t\t\t\t\t\t\t\t<p>Pelipeto on tarkoitettu vain t\u00e4ysi-ik\u00e4isille (18+). Suoritamme ik\u00e4varmistuksia ja voimme keskeytt\u00e4\u00e4 tilin, kunnes asiakirjat on toimitettu.<\/p><p><br \/>Vinkkej\u00e4 vanhemmille ja huoltajille:<br \/><br \/><\/p><ul><li>\u00c4l\u00e4 k\u00e4yt\u00e4 automaattista kirjautumista.<\/li><li>Kirjaudu ulos jokaisen pelikerran j\u00e4lkeen.<\/li><li>Pid\u00e4 k\u00e4ytt\u00e4j\u00e4tunnukset ja maksutiedot turvassa.<\/li><li>K\u00e4yt\u00e4 suodatusohjelmia lasten suojaamiseksi.<\/li><\/ul>\t\t\t\t\t\t\t\t<\/div>\n\t\t\t\t\t<\/div>\n\t\t\t\t<\/div>\n\t\t<div class=\"elementor-element elementor-element-bfe0cae e-flex e-con-boxed e-con e-parent\" data-id=\"bfe0cae\" data-element_type=\"container\" data-settings=\"{&quot;background_background&quot;:&quot;classic&quot;}\">\n\t\t\t\t\t<div class=\"e-con-inner\">\n\t\t<div class=\"elementor-element elementor-element-231291a e-con-full e-flex e-con e-child\" data-id=\"231291a\" data-element_type=\"container\">\n\t\t\t\t<div class=\"elementor-element elementor-element-f6b3dda elementor-widget__width-auto elementor-hidden-mobile elementor-widget elementor-widget-image\" data-id=\"f6b3dda\" data-element_type=\"widget\" data-widget_type=\"image.default\">\n\t\t\t\t\t\t\t\t\t\t\t\t\t\t\t\t<a href=\"https:\/\/pelipetocasino.com\/fi\/\">\n\t\t\t\t\t\t\t<img fetchpriority=\"high\" decoding=\"async\" width=\"2560\" height=\"722\" src=\"https:\/\/pelipetocasino.com\/wp-content\/uploads\/2025\/09\/PelipetoCasino@2x-scaled.png\" class=\"attachment-full size-full wp-image-162\" alt=\"Pelipeto Casino\" srcset=\"https:\/\/pelipetocasino.com\/wp-content\/uploads\/2025\/09\/PelipetoCasino@2x-scaled.png 2560w, https:\/\/pelipetocasino.com\/wp-content\/uploads\/2025\/09\/PelipetoCasino@2x-300x85.png 300w, https:\/\/pelipetocasino.com\/wp-content\/uploads\/2025\/09\/PelipetoCasino@2x-1024x289.png 1024w, https:\/\/pelipetocasino.com\/wp-content\/uploads\/2025\/09\/PelipetoCasino@2x-768x216.png 768w, https:\/\/pelipetocasino.com\/wp-content\/uploads\/2025\/09\/PelipetoCasino@2x-1536x433.png 1536w, https:\/\/pelipetocasino.com\/wp-content\/uploads\/2025\/09\/PelipetoCasino@2x-2048x577.png 2048w\" sizes=\"(max-width: 2560px) 100vw, 2560px\" \/>\t\t\t\t\t\t\t\t<\/a>\n\t\t\t\t\t\t\t\t\t\t\t\t\t\t\t<\/div>\n\t\t\t\t<\/div>\n\t\t<div class=\"elementor-element elementor-element-a234f8c e-con-full e-flex e-con e-child\" data-id=\"a234f8c\" data-element_type=\"container\">\n\t\t<div class=\"elementor-element elementor-element-16bade8 e-con-full e-flex e-con e-child\" data-id=\"16bade8\" data-element_type=\"container\">\n\t\t\t\t<div class=\"elementor-element elementor-element-6c2f368 elementor-icon-list--layout-traditional elementor-list-item-link-full_width elementor-widget elementor-widget-icon-list\" data-id=\"6c2f368\" data-element_type=\"widget\" data-widget_type=\"icon-list.default\">\n\t\t\t\t\t\t\t<ul class=\"elementor-icon-list-items\">\n\t\t\t\t\t\t\t<li class=\"elementor-icon-list-item\">\n\t\t\t\t\t\t\t\t\t\t\t<a href=\"https:\/\/pelipetocasino.com\/fi\/\">\n\n\t\t\t\t\t\t\t\t\t\t\t<span class=\"elementor-icon-list-text\">Koti<\/span>\n\t\t\t\t\t\t\t\t\t\t\t<\/a>\n\t\t\t\t\t\t\t\t\t<\/li>\n\t\t\t\t\t\t<\/ul>\n\t\t\t\t\t\t<\/div>\n\t\t\t\t<\/div>\n\t\t<div class=\"elementor-element elementor-element-db6b6ad e-con-full e-flex e-con e-child\" data-id=\"db6b6ad\" data-element_type=\"container\">\n\t\t\t\t<div class=\"elementor-element elementor-element-1a1b656 elementor-widget elementor-widget-heading\" data-id=\"1a1b656\" data-element_type=\"widget\" data-widget_type=\"heading.default\">\n\t\t\t\t\t<p class=\"elementor-heading-title elementor-size-default\">FAQ<\/p>\t\t\t\t<\/div>\n\t\t\t\t<div class=\"elementor-element elementor-element-8c84872 elementor-icon-list--layout-traditional elementor-list-item-link-full_width elementor-widget elementor-widget-icon-list\" data-id=\"8c84872\" data-element_type=\"widget\" data-widget_type=\"icon-list.default\">\n\t\t\t\t\t\t\t<ul class=\"elementor-icon-list-items\">\n\t\t\t\t\t\t\t<li class=\"elementor-icon-list-item\">\n\t\t\t\t\t\t\t\t\t\t\t<a href=\"https:\/\/pelipetocasino.com\/fi\/vastuullinen-pelaaminen-pelipetolla\/\">\n\n\t\t\t\t\t\t\t\t\t\t\t<span class=\"elementor-icon-list-text\">Vastuullinen Pelaaminen<\/span>\n\t\t\t\t\t\t\t\t\t\t\t<\/a>\n\t\t\t\t\t\t\t\t\t<\/li>\n\t\t\t\t\t\t<\/ul>\n\t\t\t\t\t\t<\/div>\n\t\t\t\t<\/div>\n\t\t<div class=\"elementor-element elementor-element-21ce2b0 e-con-full e-flex e-con e-child\" data-id=\"21ce2b0\" data-element_type=\"container\">\n\t\t\t\t<\/div>\n\t\t\t\t<\/div>\n\t\t\t\t\t<\/div>\n\t\t\t\t<\/div>\n\t\t<div class=\"elementor-element elementor-element-2f8794b e-flex e-con-boxed e-con e-parent\" data-id=\"2f8794b\" data-element_type=\"container\" data-settings=\"{&quot;background_background&quot;:&quot;classic&quot;}\">\n\t\t\t\t\t<div class=\"e-con-inner\">\n\t\t\t\t<div class=\"elementor-element elementor-element-799f8b1 elementor-widget elementor-widget-text-editor\" data-id=\"799f8b1\" data-element_type=\"widget\" data-widget_type=\"text-editor.default\">\n\t\t\t\t\t\t\t\t\tKaikki pelipetocasino.com-sivustolla esitetyt tiedot on tarkoitettu vain tiedoksi ja viihdykkeeksi. Vaikka pyrimme pit\u00e4m\u00e4\u00e4n sis\u00e4ll\u00f6n ajan tasalla ja tarkkana, emme voi taata tietojen t\u00e4ydellisyytt\u00e4 tai tarkkuutta. Suosittelemme aina vierailemaan virallisella pelipeto.com-sivustolla saadaksesi ajantasaiset tiedot ja yksityiskohdat heid\u00e4n palveluistaan ja tarjouksistaan.\t\t\t\t\t\t\t\t<\/div>\n\t\t\t\t\t<\/div>\n\t\t\t\t<\/div>\n\t\t<div class=\"elementor-element elementor-element-7d531a9 e-flex e-con-boxed e-con e-parent\" data-id=\"7d531a9\" data-element_type=\"container\">\n\t\t\t\t\t<div class=\"e-con-inner\">\n\t\t\t\t<div class=\"elementor-element elementor-element-9d81316 elementor-widget elementor-widget-text-editor\" data-id=\"9d81316\" data-element_type=\"widget\" data-widget_type=\"text-editor.default\">\n\t\t\t\t\t\t\t\t\t<p>\u24b8 2025 PelipetoCasino.com<\/p>\t\t\t\t\t\t\t\t<\/div>\n\t\t\t\t\t<\/div>\n\t\t\t\t<\/div>\n\t\t\t\t<\/div>\n\t\t","protected":false},"excerpt":{"rendered":"<p>Vastuullinen Pelaaminen Pelipetolla Pelipetolla pelaamisen tulee olla hauskaa \u2013 mutta aina turvallista. Haluamme, ett\u00e4 jokainen pelaaja nauttii pelikokemuksestaan, mink\u00e4 vuoksi tarjoamme ty\u00f6kaluja ja tukea pelaamisen hallintaan. Play Safe -ty\u00f6kalut Talletusrajat Aseta p\u00e4ivitt\u00e4iset, viikoittaiset tai kuukausittaiset nettotalletusrajat budjettisi mukaan. Voit tallettaa vain valitsemaasi rajaan asti, jolloin pelaamisen hallinta on helpompaa. Tauko Pelaamisesta Tarvitsetko tauon? Voit asettaa [&hellip;]<\/p>\n","protected":false},"author":3,"featured_media":0,"parent":0,"menu_order":0,"comment_status":"closed","ping_status":"closed","template":"elementor_canvas","meta":{"footnotes":""},"class_list":["post-104","page","type-page","status-publish","hentry"],"yoast_head":"<!-- This site is optimized with the Yoast SEO plugin v26.3 - https:\/\/yoast.com\/wordpress\/plugins\/seo\/ -->\n<title>Vastuullinen Pelaaminen Pelipetolla - pelipetocasino.com<\/title>\n<meta name=\"robots\" content=\"index, follow, max-snippet:-1, max-image-preview:large, max-video-preview:-1\" \/>\n<link rel=\"canonical\" href=\"https:\/\/pelipetocasino.com\/fi\/vastuullinen-pelaaminen-pelipetolla\/\" \/>\n<meta property=\"og:locale\" content=\"fi_FI\" \/>\n<meta property=\"og:type\" content=\"article\" \/>\n<meta property=\"og:title\" content=\"Vastuullinen Pelaaminen Pelipetolla - pelipetocasino.com\" \/>\n<meta property=\"og:description\" content=\"Vastuullinen Pelaaminen Pelipetolla Pelipetolla pelaamisen tulee olla hauskaa \u2013 mutta aina turvallista. Haluamme, ett\u00e4 jokainen pelaaja nauttii pelikokemuksestaan, mink\u00e4 vuoksi tarjoamme ty\u00f6kaluja ja tukea pelaamisen hallintaan. Play Safe -ty\u00f6kalut Talletusrajat Aseta p\u00e4ivitt\u00e4iset, viikoittaiset tai kuukausittaiset nettotalletusrajat budjettisi mukaan. Voit tallettaa vain valitsemaasi rajaan asti, jolloin pelaamisen hallinta on helpompaa. Tauko Pelaamisesta Tarvitsetko tauon? Voit asettaa [&hellip;]\" \/>\n<meta property=\"og:url\" content=\"https:\/\/pelipetocasino.com\/fi\/vastuullinen-pelaaminen-pelipetolla\/\" \/>\n<meta property=\"og:site_name\" content=\"pelipetocasino.com\" \/>\n<meta property=\"article:modified_time\" content=\"2025-09-22T01:39:09+00:00\" \/>\n<meta name=\"twitter:card\" content=\"summary_large_image\" \/>\n<meta name=\"twitter:label1\" content=\"Arvioitu lukuaika\" \/>\n\t<meta name=\"twitter:data1\" content=\"2 minuuttia\" \/>\n<script type=\"application\/ld+json\" class=\"yoast-schema-graph\">{\"@context\":\"https:\/\/schema.org\",\"@graph\":[{\"@type\":\"WebPage\",\"@id\":\"https:\/\/pelipetocasino.com\/fi\/vastuullinen-pelaaminen-pelipetolla\/\",\"url\":\"https:\/\/pelipetocasino.com\/fi\/vastuullinen-pelaaminen-pelipetolla\/\",\"name\":\"Vastuullinen Pelaaminen Pelipetolla - pelipetocasino.com\",\"isPartOf\":{\"@id\":\"https:\/\/pelipetocasino.com\/fi\/#website\"},\"datePublished\":\"2025-09-22T01:14:12+00:00\",\"dateModified\":\"2025-09-22T01:39:09+00:00\",\"breadcrumb\":{\"@id\":\"https:\/\/pelipetocasino.com\/fi\/vastuullinen-pelaaminen-pelipetolla\/#breadcrumb\"},\"inLanguage\":\"fi\",\"potentialAction\":[{\"@type\":\"ReadAction\",\"target\":[\"https:\/\/pelipetocasino.com\/fi\/vastuullinen-pelaaminen-pelipetolla\/\"]}]},{\"@type\":\"BreadcrumbList\",\"@id\":\"https:\/\/pelipetocasino.com\/fi\/vastuullinen-pelaaminen-pelipetolla\/#breadcrumb\",\"itemListElement\":[{\"@type\":\"ListItem\",\"position\":1,\"name\":\"Home\",\"item\":\"https:\/\/pelipetocasino.com\/fi\/\"},{\"@type\":\"ListItem\",\"position\":2,\"name\":\"Vastuullinen Pelaaminen Pelipetolla\"}]},{\"@type\":\"WebSite\",\"@id\":\"https:\/\/pelipetocasino.com\/fi\/#website\",\"url\":\"https:\/\/pelipetocasino.com\/fi\/\",\"name\":\"pelipetocasino.com\",\"description\":\"\",\"publisher\":{\"@id\":\"https:\/\/pelipetocasino.com\/fi\/#organization\"},\"potentialAction\":[{\"@type\":\"SearchAction\",\"target\":{\"@type\":\"EntryPoint\",\"urlTemplate\":\"https:\/\/pelipetocasino.com\/fi\/?s={search_term_string}\"},\"query-input\":{\"@type\":\"PropertyValueSpecification\",\"valueRequired\":true,\"valueName\":\"search_term_string\"}}],\"inLanguage\":\"fi\"},{\"@type\":\"Organization\",\"@id\":\"https:\/\/pelipetocasino.com\/fi\/#organization\",\"name\":\"pelipetocasino.com\",\"url\":\"https:\/\/pelipetocasino.com\/fi\/\",\"logo\":{\"@type\":\"ImageObject\",\"inLanguage\":\"fi\",\"@id\":\"https:\/\/pelipetocasino.com\/fi\/#\/schema\/logo\/image\/\",\"url\":\"https:\/\/pelipetocasino.com\/wp-content\/uploads\/2025\/09\/PelipetoCasino@2x-scaled.png\",\"contentUrl\":\"https:\/\/pelipetocasino.com\/wp-content\/uploads\/2025\/09\/PelipetoCasino@2x-scaled.png\",\"width\":2560,\"height\":722,\"caption\":\"pelipetocasino.com\"},\"image\":{\"@id\":\"https:\/\/pelipetocasino.com\/fi\/#\/schema\/logo\/image\/\"}}]}<\/script>\n<!-- \/ Yoast SEO plugin. -->","yoast_head_json":{"title":"Vastuullinen Pelaaminen Pelipetolla - pelipetocasino.com","robots":{"index":"index","follow":"follow","max-snippet":"max-snippet:-1","max-image-preview":"max-image-preview:large","max-video-preview":"max-video-preview:-1"},"canonical":"https:\/\/pelipetocasino.com\/fi\/vastuullinen-pelaaminen-pelipetolla\/","og_locale":"fi_FI","og_type":"article","og_title":"Vastuullinen Pelaaminen Pelipetolla - pelipetocasino.com","og_description":"Vastuullinen Pelaaminen Pelipetolla Pelipetolla pelaamisen tulee olla hauskaa \u2013 mutta aina turvallista. Haluamme, ett\u00e4 jokainen pelaaja nauttii pelikokemuksestaan, mink\u00e4 vuoksi tarjoamme ty\u00f6kaluja ja tukea pelaamisen hallintaan. Play Safe -ty\u00f6kalut Talletusrajat Aseta p\u00e4ivitt\u00e4iset, viikoittaiset tai kuukausittaiset nettotalletusrajat budjettisi mukaan. Voit tallettaa vain valitsemaasi rajaan asti, jolloin pelaamisen hallinta on helpompaa. Tauko Pelaamisesta Tarvitsetko tauon? Voit asettaa [&hellip;]","og_url":"https:\/\/pelipetocasino.com\/fi\/vastuullinen-pelaaminen-pelipetolla\/","og_site_name":"pelipetocasino.com","article_modified_time":"2025-09-22T01:39:09+00:00","twitter_card":"summary_large_image","twitter_misc":{"Arvioitu lukuaika":"2 minuuttia"},"schema":{"@context":"https:\/\/schema.org","@graph":[{"@type":"WebPage","@id":"https:\/\/pelipetocasino.com\/fi\/vastuullinen-pelaaminen-pelipetolla\/","url":"https:\/\/pelipetocasino.com\/fi\/vastuullinen-pelaaminen-pelipetolla\/","name":"Vastuullinen Pelaaminen Pelipetolla - pelipetocasino.com","isPartOf":{"@id":"https:\/\/pelipetocasino.com\/fi\/#website"},"datePublished":"2025-09-22T01:14:12+00:00","dateModified":"2025-09-22T01:39:09+00:00","breadcrumb":{"@id":"https:\/\/pelipetocasino.com\/fi\/vastuullinen-pelaaminen-pelipetolla\/#breadcrumb"},"inLanguage":"fi","potentialAction":[{"@type":"ReadAction","target":["https:\/\/pelipetocasino.com\/fi\/vastuullinen-pelaaminen-pelipetolla\/"]}]},{"@type":"BreadcrumbList","@id":"https:\/\/pelipetocasino.com\/fi\/vastuullinen-pelaaminen-pelipetolla\/#breadcrumb","itemListElement":[{"@type":"ListItem","position":1,"name":"Home","item":"https:\/\/pelipetocasino.com\/fi\/"},{"@type":"ListItem","position":2,"name":"Vastuullinen Pelaaminen Pelipetolla"}]},{"@type":"WebSite","@id":"https:\/\/pelipetocasino.com\/fi\/#website","url":"https:\/\/pelipetocasino.com\/fi\/","name":"pelipetocasino.com","description":"","publisher":{"@id":"https:\/\/pelipetocasino.com\/fi\/#organization"},"potentialAction":[{"@type":"SearchAction","target":{"@type":"EntryPoint","urlTemplate":"https:\/\/pelipetocasino.com\/fi\/?s={search_term_string}"},"query-input":{"@type":"PropertyValueSpecification","valueRequired":true,"valueName":"search_term_string"}}],"inLanguage":"fi"},{"@type":"Organization","@id":"https:\/\/pelipetocasino.com\/fi\/#organization","name":"pelipetocasino.com","url":"https:\/\/pelipetocasino.com\/fi\/","logo":{"@type":"ImageObject","inLanguage":"fi","@id":"https:\/\/pelipetocasino.com\/fi\/#\/schema\/logo\/image\/","url":"https:\/\/pelipetocasino.com\/wp-content\/uploads\/2025\/09\/PelipetoCasino@2x-scaled.png","contentUrl":"https:\/\/pelipetocasino.com\/wp-content\/uploads\/2025\/09\/PelipetoCasino@2x-scaled.png","width":2560,"height":722,"caption":"pelipetocasino.com"},"image":{"@id":"https:\/\/pelipetocasino.com\/fi\/#\/schema\/logo\/image\/"}}]}},"_links":{"self":[{"href":"https:\/\/pelipetocasino.com\/fi\/wp-json\/wp\/v2\/pages\/104","targetHints":{"allow":["GET"]}}],"collection":[{"href":"https:\/\/pelipetocasino.com\/fi\/wp-json\/wp\/v2\/pages"}],"about":[{"href":"https:\/\/pelipetocasino.com\/fi\/wp-json\/wp\/v2\/types\/page"}],"author":[{"embeddable":true,"href":"https:\/\/pelipetocasino.com\/fi\/wp-json\/wp\/v2\/users\/3"}],"replies":[{"embeddable":true,"href":"https:\/\/pelipetocasino.com\/fi\/wp-json\/wp\/v2\/comments?post=104"}],"version-history":[{"count":10,"href":"https:\/\/pelipetocasino.com\/fi\/wp-json\/wp\/v2\/pages\/104\/revisions"}],"predecessor-version":[{"id":135,"href":"https:\/\/pelipetocasino.com\/fi\/wp-json\/wp\/v2\/pages\/104\/revisions\/135"}],"wp:attachment":[{"href":"https:\/\/pelipetocasino.com\/fi\/wp-json\/wp\/v2\/media?parent=104"}],"curies":[{"name":"wp","href":"https:\/\/api.w.org\/{rel}","templated":true}]}}