{"id":99,"date":"2025-09-22T01:14:12","date_gmt":"2025-09-22T01:14:12","guid":{"rendered":"https:\/\/pelipetocasino.com\/?page_id=99"},"modified":"2025-09-22T01:37:45","modified_gmt":"2025-09-22T01:37:45","slug":"vastutustundlik-mangimine-pelipetos","status":"publish","type":"page","link":"https:\/\/pelipetocasino.com\/et\/vastutustundlik-mangimine-pelipetos\/","title":{"rendered":"Vastutustundlik M\u00e4ngimine Pelipetos"},"content":{"rendered":"\t\t<div data-elementor-type=\"wp-page\" data-elementor-id=\"99\" class=\"elementor elementor-99 elementor-92\" data-elementor-post-type=\"page\">\n\t\t\t\t<div class=\"elementor-element elementor-element-f3bb1eb e-flex e-con-boxed e-con e-parent\" data-id=\"f3bb1eb\" data-element_type=\"container\" data-settings=\"{&quot;background_background&quot;:&quot;classic&quot;}\">\n\t\t\t\t\t<div class=\"e-con-inner\">\n\t\t\t\t<div class=\"elementor-element elementor-element-1df8725 elementor-widget-tablet__width-initial elementor-widget elementor-widget-heading\" data-id=\"1df8725\" data-element_type=\"widget\" data-widget_type=\"heading.default\">\n\t\t\t\t\t<h1 class=\"elementor-heading-title elementor-size-default\">Vastutustundlik M\u00e4ngimine Pelipetos\n<\/h1>\t\t\t\t<\/div>\n\t\t\t\t<div class=\"elementor-element elementor-element-327177a elementor-widget__width-initial elementor-widget elementor-widget-text-editor\" data-id=\"327177a\" data-element_type=\"widget\" data-widget_type=\"text-editor.default\">\n\t\t\t\t\t\t\t\t\t<p>Pelipetos peab m\u00e4ngimine olema p\u00f5nev ja meelelahutuslik \u2013 kuid alati turvaline. Tahame, et iga m\u00e4ngija naudiks oma kogemust, mist\u00f5ttu pakume t\u00f6\u00f6riistu ja tuge, et aidata m\u00e4ngimist kontrolli all hoida.<\/p>\t\t\t\t\t\t\t\t<\/div>\n\t\t\t\t<div class=\"elementor-element elementor-element-fc30bbf elementor-widget-tablet__width-initial elementor-widget__width-inherit elementor-widget elementor-widget-heading\" data-id=\"fc30bbf\" data-element_type=\"widget\" data-widget_type=\"heading.default\">\n\t\t\t\t\t<p class=\"elementor-heading-title elementor-size-default\">Play Safe T\u00f6\u00f6riistad\n<\/p>\t\t\t\t<\/div>\n\t\t\t\t<div class=\"elementor-element elementor-element-4e0d745 elementor-widget-tablet__width-initial elementor-widget__width-inherit elementor-widget elementor-widget-heading\" data-id=\"4e0d745\" data-element_type=\"widget\" data-widget_type=\"heading.default\">\n\t\t\t\t\t<p class=\"elementor-heading-title elementor-size-default\">Sissemaksepiirangud\n\n<\/p>\t\t\t\t<\/div>\n\t\t\t\t<div class=\"elementor-element elementor-element-daced0d elementor-widget__width-initial elementor-widget elementor-widget-text-editor\" data-id=\"daced0d\" data-element_type=\"widget\" data-widget_type=\"text-editor.default\">\n\t\t\t\t\t\t\t\t\t<p>Sea endale igap\u00e4evased, igan\u00e4dalased v\u00f5i igakuised netosissemakse piirangud vastavalt oma eelarvele. Sa saad teha ainult valitud piirangu ulatuses sissemakseid, mis aitab m\u00e4ngimist paremini juhtida.<\/p>\t\t\t\t\t\t\t\t<\/div>\n\t\t\t\t<div class=\"elementor-element elementor-element-5d91848 elementor-widget-tablet__width-initial elementor-widget__width-inherit elementor-widget elementor-widget-heading\" data-id=\"5d91848\" data-element_type=\"widget\" data-widget_type=\"heading.default\">\n\t\t\t\t\t<p class=\"elementor-heading-title elementor-size-default\">M\u00e4ngupaus\n\n<\/p>\t\t\t\t<\/div>\n\t\t\t\t<div class=\"elementor-element elementor-element-3ed1ab9 elementor-widget__width-initial elementor-widget elementor-widget-text-editor\" data-id=\"3ed1ab9\" data-element_type=\"widget\" data-widget_type=\"text-editor.default\">\n\t\t\t\t\t\t\t\t\tVajad pausi? Aktiveeri Kiirpuhkus (24 tundi v\u00f5i 7 p\u00e4eva) v\u00f5i vali Iseblokeering 2, 3 v\u00f5i 6 kuuks \u2013 v\u00f5i t\u00e4htajatult. Selle aja jooksul j\u00e4\u00e4b sinu konto suletuks kuni perioodi l\u00f5puni.\n\t\t\t\t\t\t\t\t<\/div>\n\t\t\t\t<div class=\"elementor-element elementor-element-b6c6869 elementor-widget-tablet__width-initial elementor-widget__width-inherit elementor-widget elementor-widget-heading\" data-id=\"b6c6869\" data-element_type=\"widget\" data-widget_type=\"heading.default\">\n\t\t\t\t\t<p class=\"elementor-heading-title elementor-size-default\">Enesehindamine<\/p>\t\t\t\t<\/div>\n\t\t\t\t<div class=\"elementor-element elementor-element-e50b8ec elementor-widget__width-initial elementor-widget elementor-widget-text-editor\" data-id=\"e50b8ec\" data-element_type=\"widget\" data-widget_type=\"text-editor.default\">\n\t\t\t\t\t\t\t\t\t<p>Ei ole kindel, kas m\u00e4ngimine m\u00f5jutab sind liiga palju? Meie enesehindamisk\u00fcsimustik aitab sul varakult m\u00e4rke \u00e4ra tunda ja oma harjumusi kontrollida.<\/p>\t\t\t\t\t\t\t\t<\/div>\n\t\t\t\t<div class=\"elementor-element elementor-element-9976ea8 elementor-widget-tablet__width-initial elementor-widget__width-inherit elementor-widget elementor-widget-heading\" data-id=\"9976ea8\" data-element_type=\"widget\" data-widget_type=\"heading.default\">\n\t\t\t\t\t<p class=\"elementor-heading-title elementor-size-default\">N\u00f5uanded Targaks M\u00e4ngimiseks\n<\/p>\t\t\t\t<\/div>\n\t\t\t\t<div class=\"elementor-element elementor-element-dbccc8a elementor-widget__width-initial elementor-widget elementor-widget-text-editor\" data-id=\"dbccc8a\" data-element_type=\"widget\" data-widget_type=\"text-editor.default\">\n\t\t\t\t\t\t\t\t\t<ul><li>M\u00e4ngi ainult rahaga, mida saad endale lubada kaotada.<\/li><li>\u00c4ra jahi kaotusi tagasi.<\/li><li>V\u00e4ldi m\u00e4ngimist stressis v\u00f5i alkoholi ja ainete m\u00f5ju all.<\/li><li>Tee regulaarselt pause.<\/li><li>Kasuta ainult \u00fchte m\u00e4ngukontot, et oma tegevust paremini j\u00e4lgida.<\/li><\/ul>\t\t\t\t\t\t\t\t<\/div>\n\t\t\t\t<div class=\"elementor-element elementor-element-ada36b9 elementor-widget-tablet__width-initial elementor-widget__width-inherit elementor-widget elementor-widget-heading\" data-id=\"ada36b9\" data-element_type=\"widget\" data-widget_type=\"heading.default\">\n\t\t\t\t\t<p class=\"elementor-heading-title elementor-size-default\">Abi ja Toetus\n\n\n<\/p>\t\t\t\t<\/div>\n\t\t\t\t<div class=\"elementor-element elementor-element-f379069 elementor-widget__width-initial elementor-widget elementor-widget-text-editor\" data-id=\"f379069\" data-element_type=\"widget\" data-widget_type=\"text-editor.default\">\n\t\t\t\t\t\t\t\t\t<p>Kui m\u00e4ngimine ei paku enam l\u00f5bu, on tasuta ja konfidentsiaalne abi saadaval:<br \/><br \/><\/p><ul><li>BeGambleAware<\/li><li>GamblingTherapy (tugi + tasuta rakendus)<\/li><li>Gamblers Anonymous<\/li><\/ul><p><br \/>Samuti v\u00f5id paigaldada filtreid, nagu Betblocker, NetNanny v\u00f5i Famisafe, et piirata ligip\u00e4\u00e4su hasartm\u00e4ngusaitidele v\u00f5i kaitsta alaealisi kodus.<\/p>\t\t\t\t\t\t\t\t<\/div>\n\t\t\t\t<div class=\"elementor-element elementor-element-7c49e6e elementor-widget-tablet__width-initial elementor-widget__width-inherit elementor-widget elementor-widget-heading\" data-id=\"7c49e6e\" data-element_type=\"widget\" data-widget_type=\"heading.default\">\n\t\t\t\t\t<p class=\"elementor-heading-title elementor-size-default\">Alaealiste Kaitse\n\n\n\n<\/p>\t\t\t\t<\/div>\n\t\t\t\t<div class=\"elementor-element elementor-element-5844fbe elementor-widget__width-initial elementor-widget elementor-widget-text-editor\" data-id=\"5844fbe\" data-element_type=\"widget\" data-widget_type=\"text-editor.default\">\n\t\t\t\t\t\t\t\t\t<p>Pelipeto on rangelt 18+. Teostame vanusekontrolle ja v\u00f5ime kontod peatada seni, kuni vajalikud dokumendid on esitatud.<\/p><p><br \/>N\u00e4pun\u00e4ited vanematele ja hooldajatele:<br \/><br \/><\/p><ul><li>\u00c4ra kasuta automaatset sisselogimist.<\/li><li>Logi alati p\u00e4rast m\u00e4ngimist v\u00e4lja.<\/li><li>Hoia kasutajanimi ja makseandmed turvaliselt.<\/li><li>Kasuta filtreid laste kaitsmiseks.<\/li><\/ul>\t\t\t\t\t\t\t\t<\/div>\n\t\t\t\t\t<\/div>\n\t\t\t\t<\/div>\n\t\t<div class=\"elementor-element elementor-element-da29604 e-flex e-con-boxed e-con e-parent\" data-id=\"da29604\" data-element_type=\"container\" data-settings=\"{&quot;background_background&quot;:&quot;classic&quot;}\">\n\t\t\t\t\t<div class=\"e-con-inner\">\n\t\t<div class=\"elementor-element elementor-element-ea2e90e e-con-full e-flex e-con e-child\" data-id=\"ea2e90e\" data-element_type=\"container\">\n\t\t\t\t<div class=\"elementor-element elementor-element-43ac5ca elementor-widget__width-auto elementor-hidden-mobile elementor-widget elementor-widget-image\" data-id=\"43ac5ca\" data-element_type=\"widget\" data-widget_type=\"image.default\">\n\t\t\t\t\t\t\t\t\t\t\t\t\t\t\t\t<a href=\"https:\/\/pelipetocasino.com\/et\/\">\n\t\t\t\t\t\t\t<img fetchpriority=\"high\" decoding=\"async\" width=\"2560\" height=\"722\" src=\"https:\/\/pelipetocasino.com\/wp-content\/uploads\/2025\/09\/PelipetoCasino@2x-scaled.png\" class=\"attachment-full size-full wp-image-161\" alt=\"Pelipeto Casino\" srcset=\"https:\/\/pelipetocasino.com\/wp-content\/uploads\/2025\/09\/PelipetoCasino@2x-scaled.png 2560w, https:\/\/pelipetocasino.com\/wp-content\/uploads\/2025\/09\/PelipetoCasino@2x-300x85.png 300w, https:\/\/pelipetocasino.com\/wp-content\/uploads\/2025\/09\/PelipetoCasino@2x-1024x289.png 1024w, https:\/\/pelipetocasino.com\/wp-content\/uploads\/2025\/09\/PelipetoCasino@2x-768x216.png 768w, https:\/\/pelipetocasino.com\/wp-content\/uploads\/2025\/09\/PelipetoCasino@2x-1536x433.png 1536w, https:\/\/pelipetocasino.com\/wp-content\/uploads\/2025\/09\/PelipetoCasino@2x-2048x577.png 2048w\" sizes=\"(max-width: 2560px) 100vw, 2560px\" \/>\t\t\t\t\t\t\t\t<\/a>\n\t\t\t\t\t\t\t\t\t\t\t\t\t\t\t<\/div>\n\t\t\t\t<\/div>\n\t\t<div class=\"elementor-element elementor-element-e70b268 e-con-full e-flex e-con e-child\" data-id=\"e70b268\" data-element_type=\"container\">\n\t\t<div class=\"elementor-element elementor-element-8ea9c7b e-con-full e-flex e-con e-child\" data-id=\"8ea9c7b\" data-element_type=\"container\">\n\t\t\t\t<div class=\"elementor-element elementor-element-b1ef0d8 elementor-icon-list--layout-traditional elementor-list-item-link-full_width elementor-widget elementor-widget-icon-list\" data-id=\"b1ef0d8\" data-element_type=\"widget\" data-widget_type=\"icon-list.default\">\n\t\t\t\t\t\t\t<ul class=\"elementor-icon-list-items\">\n\t\t\t\t\t\t\t<li class=\"elementor-icon-list-item\">\n\t\t\t\t\t\t\t\t\t\t\t<a href=\"https:\/\/pelipetocasino.com\/et\/\">\n\n\t\t\t\t\t\t\t\t\t\t\t<span class=\"elementor-icon-list-text\">Kodu<\/span>\n\t\t\t\t\t\t\t\t\t\t\t<\/a>\n\t\t\t\t\t\t\t\t\t<\/li>\n\t\t\t\t\t\t<\/ul>\n\t\t\t\t\t\t<\/div>\n\t\t\t\t<\/div>\n\t\t<div class=\"elementor-element elementor-element-0f4214a e-con-full e-flex e-con e-child\" data-id=\"0f4214a\" data-element_type=\"container\">\n\t\t\t\t<div class=\"elementor-element elementor-element-81ead10 elementor-widget elementor-widget-heading\" data-id=\"81ead10\" data-element_type=\"widget\" data-widget_type=\"heading.default\">\n\t\t\t\t\t<p class=\"elementor-heading-title elementor-size-default\">FAQ<\/p>\t\t\t\t<\/div>\n\t\t\t\t<div class=\"elementor-element elementor-element-20b693d elementor-icon-list--layout-traditional elementor-list-item-link-full_width elementor-widget elementor-widget-icon-list\" data-id=\"20b693d\" data-element_type=\"widget\" data-widget_type=\"icon-list.default\">\n\t\t\t\t\t\t\t<ul class=\"elementor-icon-list-items\">\n\t\t\t\t\t\t\t<li class=\"elementor-icon-list-item\">\n\t\t\t\t\t\t\t\t\t\t\t<a href=\"https:\/\/pelipetocasino.com\/et\/vastutustundlik-mangimine-pelipetos\/\">\n\n\t\t\t\t\t\t\t\t\t\t\t<span class=\"elementor-icon-list-text\">Vastutustundlik M\u00e4ngimine<\/span>\n\t\t\t\t\t\t\t\t\t\t\t<\/a>\n\t\t\t\t\t\t\t\t\t<\/li>\n\t\t\t\t\t\t<\/ul>\n\t\t\t\t\t\t<\/div>\n\t\t\t\t<\/div>\n\t\t<div class=\"elementor-element elementor-element-208b5af e-con-full e-flex e-con e-child\" data-id=\"208b5af\" data-element_type=\"container\">\n\t\t\t\t<\/div>\n\t\t\t\t<\/div>\n\t\t\t\t\t<\/div>\n\t\t\t\t<\/div>\n\t\t<div class=\"elementor-element elementor-element-8eaa429 e-flex e-con-boxed e-con e-parent\" data-id=\"8eaa429\" data-element_type=\"container\" data-settings=\"{&quot;background_background&quot;:&quot;classic&quot;}\">\n\t\t\t\t\t<div class=\"e-con-inner\">\n\t\t\t\t<div class=\"elementor-element elementor-element-86fda8a elementor-widget elementor-widget-text-editor\" data-id=\"86fda8a\" data-element_type=\"widget\" data-widget_type=\"text-editor.default\">\n\t\t\t\t\t\t\t\t\t<p>K\u00f5ik pelipetocasino.com veebilehel esitatud teave on m\u00f5eldud ainult teavitamiseks ja meelelahutuseks. Kuigi me p\u00fc\u00fcame hoida sisu ajakohasena ja t\u00e4pse, ei saa me tagada teabe t\u00e4ielikkust ega t\u00e4psust. Soovitame alati k\u00fclastada ametlikku veebilehte pelipeto.com, et saada ajakohast teavet ja \u00fcksikasju nende teenuste ja pakkumiste kohta.<\/p>\t\t\t\t\t\t\t\t<\/div>\n\t\t\t\t\t<\/div>\n\t\t\t\t<\/div>\n\t\t<div class=\"elementor-element elementor-element-56cfe15 e-flex e-con-boxed e-con e-parent\" data-id=\"56cfe15\" data-element_type=\"container\">\n\t\t\t\t\t<div class=\"e-con-inner\">\n\t\t\t\t<div class=\"elementor-element elementor-element-5c4537c elementor-widget elementor-widget-text-editor\" data-id=\"5c4537c\" data-element_type=\"widget\" data-widget_type=\"text-editor.default\">\n\t\t\t\t\t\t\t\t\t<p>\u24b8 2025 PelipetoCasino.com<\/p>\t\t\t\t\t\t\t\t<\/div>\n\t\t\t\t\t<\/div>\n\t\t\t\t<\/div>\n\t\t\t\t<\/div>\n\t\t","protected":false},"excerpt":{"rendered":"<p>Vastutustundlik M\u00e4ngimine Pelipetos Pelipetos peab m\u00e4ngimine olema p\u00f5nev ja meelelahutuslik \u2013 kuid alati turvaline. Tahame, et iga m\u00e4ngija naudiks oma kogemust, mist\u00f5ttu pakume t\u00f6\u00f6riistu ja tuge, et aidata m\u00e4ngimist kontrolli all hoida. Play Safe T\u00f6\u00f6riistad Sissemaksepiirangud Sea endale igap\u00e4evased, igan\u00e4dalased v\u00f5i igakuised netosissemakse piirangud vastavalt oma eelarvele. Sa saad teha ainult valitud piirangu ulatuses sissemakseid, [&hellip;]<\/p>\n","protected":false},"author":3,"featured_media":0,"parent":0,"menu_order":0,"comment_status":"closed","ping_status":"closed","template":"elementor_canvas","meta":{"footnotes":""},"class_list":["post-99","page","type-page","status-publish","hentry"],"yoast_head":"<!-- This site is optimized with the Yoast SEO plugin v26.3 - https:\/\/yoast.com\/wordpress\/plugins\/seo\/ -->\n<title>Vastutustundlik M\u00e4ngimine Pelipetos - pelipetocasino.com<\/title>\n<meta name=\"robots\" content=\"index, follow, max-snippet:-1, max-image-preview:large, max-video-preview:-1\" \/>\n<link rel=\"canonical\" href=\"https:\/\/pelipetocasino.com\/et\/vastutustundlik-mangimine-pelipetos\/\" \/>\n<meta property=\"og:locale\" content=\"et_EE\" \/>\n<meta property=\"og:type\" content=\"article\" \/>\n<meta property=\"og:title\" content=\"Vastutustundlik M\u00e4ngimine Pelipetos - pelipetocasino.com\" \/>\n<meta property=\"og:description\" content=\"Vastutustundlik M\u00e4ngimine Pelipetos Pelipetos peab m\u00e4ngimine olema p\u00f5nev ja meelelahutuslik \u2013 kuid alati turvaline. Tahame, et iga m\u00e4ngija naudiks oma kogemust, mist\u00f5ttu pakume t\u00f6\u00f6riistu ja tuge, et aidata m\u00e4ngimist kontrolli all hoida. Play Safe T\u00f6\u00f6riistad Sissemaksepiirangud Sea endale igap\u00e4evased, igan\u00e4dalased v\u00f5i igakuised netosissemakse piirangud vastavalt oma eelarvele. Sa saad teha ainult valitud piirangu ulatuses sissemakseid, [&hellip;]\" \/>\n<meta property=\"og:url\" content=\"https:\/\/pelipetocasino.com\/et\/vastutustundlik-mangimine-pelipetos\/\" \/>\n<meta property=\"og:site_name\" content=\"pelipetocasino.com\" \/>\n<meta property=\"article:modified_time\" content=\"2025-09-22T01:37:45+00:00\" \/>\n<meta name=\"twitter:card\" content=\"summary_large_image\" \/>\n<meta name=\"twitter:label1\" content=\"Est. reading time\" \/>\n\t<meta name=\"twitter:data1\" content=\"2 minutit\" \/>\n<script type=\"application\/ld+json\" class=\"yoast-schema-graph\">{\"@context\":\"https:\/\/schema.org\",\"@graph\":[{\"@type\":\"WebPage\",\"@id\":\"https:\/\/pelipetocasino.com\/et\/vastutustundlik-mangimine-pelipetos\/\",\"url\":\"https:\/\/pelipetocasino.com\/et\/vastutustundlik-mangimine-pelipetos\/\",\"name\":\"Vastutustundlik M\u00e4ngimine Pelipetos - pelipetocasino.com\",\"isPartOf\":{\"@id\":\"https:\/\/pelipetocasino.com\/et\/#website\"},\"datePublished\":\"2025-09-22T01:14:12+00:00\",\"dateModified\":\"2025-09-22T01:37:45+00:00\",\"breadcrumb\":{\"@id\":\"https:\/\/pelipetocasino.com\/et\/vastutustundlik-mangimine-pelipetos\/#breadcrumb\"},\"inLanguage\":\"et\",\"potentialAction\":[{\"@type\":\"ReadAction\",\"target\":[\"https:\/\/pelipetocasino.com\/et\/vastutustundlik-mangimine-pelipetos\/\"]}]},{\"@type\":\"BreadcrumbList\",\"@id\":\"https:\/\/pelipetocasino.com\/et\/vastutustundlik-mangimine-pelipetos\/#breadcrumb\",\"itemListElement\":[{\"@type\":\"ListItem\",\"position\":1,\"name\":\"Home\",\"item\":\"https:\/\/pelipetocasino.com\/et\/\"},{\"@type\":\"ListItem\",\"position\":2,\"name\":\"Vastutustundlik M\u00e4ngimine Pelipetos\"}]},{\"@type\":\"WebSite\",\"@id\":\"https:\/\/pelipetocasino.com\/et\/#website\",\"url\":\"https:\/\/pelipetocasino.com\/et\/\",\"name\":\"pelipetocasino.com\",\"description\":\"\",\"publisher\":{\"@id\":\"https:\/\/pelipetocasino.com\/et\/#organization\"},\"potentialAction\":[{\"@type\":\"SearchAction\",\"target\":{\"@type\":\"EntryPoint\",\"urlTemplate\":\"https:\/\/pelipetocasino.com\/et\/?s={search_term_string}\"},\"query-input\":{\"@type\":\"PropertyValueSpecification\",\"valueRequired\":true,\"valueName\":\"search_term_string\"}}],\"inLanguage\":\"et\"},{\"@type\":\"Organization\",\"@id\":\"https:\/\/pelipetocasino.com\/et\/#organization\",\"name\":\"pelipetocasino.com\",\"url\":\"https:\/\/pelipetocasino.com\/et\/\",\"logo\":{\"@type\":\"ImageObject\",\"inLanguage\":\"et\",\"@id\":\"https:\/\/pelipetocasino.com\/et\/#\/schema\/logo\/image\/\",\"url\":\"https:\/\/pelipetocasino.com\/wp-content\/uploads\/2025\/09\/PelipetoCasino@2x-scaled.png\",\"contentUrl\":\"https:\/\/pelipetocasino.com\/wp-content\/uploads\/2025\/09\/PelipetoCasino@2x-scaled.png\",\"width\":2560,\"height\":722,\"caption\":\"pelipetocasino.com\"},\"image\":{\"@id\":\"https:\/\/pelipetocasino.com\/et\/#\/schema\/logo\/image\/\"}}]}<\/script>\n<!-- \/ Yoast SEO plugin. -->","yoast_head_json":{"title":"Vastutustundlik M\u00e4ngimine Pelipetos - pelipetocasino.com","robots":{"index":"index","follow":"follow","max-snippet":"max-snippet:-1","max-image-preview":"max-image-preview:large","max-video-preview":"max-video-preview:-1"},"canonical":"https:\/\/pelipetocasino.com\/et\/vastutustundlik-mangimine-pelipetos\/","og_locale":"et_EE","og_type":"article","og_title":"Vastutustundlik M\u00e4ngimine Pelipetos - pelipetocasino.com","og_description":"Vastutustundlik M\u00e4ngimine Pelipetos Pelipetos peab m\u00e4ngimine olema p\u00f5nev ja meelelahutuslik \u2013 kuid alati turvaline. Tahame, et iga m\u00e4ngija naudiks oma kogemust, mist\u00f5ttu pakume t\u00f6\u00f6riistu ja tuge, et aidata m\u00e4ngimist kontrolli all hoida. Play Safe T\u00f6\u00f6riistad Sissemaksepiirangud Sea endale igap\u00e4evased, igan\u00e4dalased v\u00f5i igakuised netosissemakse piirangud vastavalt oma eelarvele. Sa saad teha ainult valitud piirangu ulatuses sissemakseid, [&hellip;]","og_url":"https:\/\/pelipetocasino.com\/et\/vastutustundlik-mangimine-pelipetos\/","og_site_name":"pelipetocasino.com","article_modified_time":"2025-09-22T01:37:45+00:00","twitter_card":"summary_large_image","twitter_misc":{"Est. reading time":"2 minutit"},"schema":{"@context":"https:\/\/schema.org","@graph":[{"@type":"WebPage","@id":"https:\/\/pelipetocasino.com\/et\/vastutustundlik-mangimine-pelipetos\/","url":"https:\/\/pelipetocasino.com\/et\/vastutustundlik-mangimine-pelipetos\/","name":"Vastutustundlik M\u00e4ngimine Pelipetos - pelipetocasino.com","isPartOf":{"@id":"https:\/\/pelipetocasino.com\/et\/#website"},"datePublished":"2025-09-22T01:14:12+00:00","dateModified":"2025-09-22T01:37:45+00:00","breadcrumb":{"@id":"https:\/\/pelipetocasino.com\/et\/vastutustundlik-mangimine-pelipetos\/#breadcrumb"},"inLanguage":"et","potentialAction":[{"@type":"ReadAction","target":["https:\/\/pelipetocasino.com\/et\/vastutustundlik-mangimine-pelipetos\/"]}]},{"@type":"BreadcrumbList","@id":"https:\/\/pelipetocasino.com\/et\/vastutustundlik-mangimine-pelipetos\/#breadcrumb","itemListElement":[{"@type":"ListItem","position":1,"name":"Home","item":"https:\/\/pelipetocasino.com\/et\/"},{"@type":"ListItem","position":2,"name":"Vastutustundlik M\u00e4ngimine Pelipetos"}]},{"@type":"WebSite","@id":"https:\/\/pelipetocasino.com\/et\/#website","url":"https:\/\/pelipetocasino.com\/et\/","name":"pelipetocasino.com","description":"","publisher":{"@id":"https:\/\/pelipetocasino.com\/et\/#organization"},"potentialAction":[{"@type":"SearchAction","target":{"@type":"EntryPoint","urlTemplate":"https:\/\/pelipetocasino.com\/et\/?s={search_term_string}"},"query-input":{"@type":"PropertyValueSpecification","valueRequired":true,"valueName":"search_term_string"}}],"inLanguage":"et"},{"@type":"Organization","@id":"https:\/\/pelipetocasino.com\/et\/#organization","name":"pelipetocasino.com","url":"https:\/\/pelipetocasino.com\/et\/","logo":{"@type":"ImageObject","inLanguage":"et","@id":"https:\/\/pelipetocasino.com\/et\/#\/schema\/logo\/image\/","url":"https:\/\/pelipetocasino.com\/wp-content\/uploads\/2025\/09\/PelipetoCasino@2x-scaled.png","contentUrl":"https:\/\/pelipetocasino.com\/wp-content\/uploads\/2025\/09\/PelipetoCasino@2x-scaled.png","width":2560,"height":722,"caption":"pelipetocasino.com"},"image":{"@id":"https:\/\/pelipetocasino.com\/et\/#\/schema\/logo\/image\/"}}]}},"_links":{"self":[{"href":"https:\/\/pelipetocasino.com\/et\/wp-json\/wp\/v2\/pages\/99","targetHints":{"allow":["GET"]}}],"collection":[{"href":"https:\/\/pelipetocasino.com\/et\/wp-json\/wp\/v2\/pages"}],"about":[{"href":"https:\/\/pelipetocasino.com\/et\/wp-json\/wp\/v2\/types\/page"}],"author":[{"embeddable":true,"href":"https:\/\/pelipetocasino.com\/et\/wp-json\/wp\/v2\/users\/3"}],"replies":[{"embeddable":true,"href":"https:\/\/pelipetocasino.com\/et\/wp-json\/wp\/v2\/comments?post=99"}],"version-history":[{"count":7,"href":"https:\/\/pelipetocasino.com\/et\/wp-json\/wp\/v2\/pages\/99\/revisions"}],"predecessor-version":[{"id":129,"href":"https:\/\/pelipetocasino.com\/et\/wp-json\/wp\/v2\/pages\/99\/revisions\/129"}],"wp:attachment":[{"href":"https:\/\/pelipetocasino.com\/et\/wp-json\/wp\/v2\/media?parent=99"}],"curies":[{"name":"wp","href":"https:\/\/api.w.org\/{rel}","templated":true}]}}